{"id":11457,"date":"2022-10-27T14:24:01","date_gmt":"2022-10-27T19:24:01","guid":{"rendered":"https:\/\/clinica.express\/genetics-pregnancy\/"},"modified":"2025-08-30T20:10:53","modified_gmt":"2025-08-31T01:10:53","slug":"genetics-pregnancy","status":"publish","type":"page","link":"https:\/\/clinica.express\/en\/genetics-pregnancy\/","title":{"rendered":"Genetics Pregnancy"},"content":{"rendered":"\t\t<div data-elementor-type=\"wp-page\" data-elementor-id=\"11457\" class=\"elementor elementor-11457 elementor-2660\" data-elementor-post-type=\"page\">\n\t\t\t\t\t\t<section class=\"elementor-section elementor-top-section elementor-element elementor-element-89f374c elementor-section-boxed elementor-section-height-default elementor-section-height-default\" data-id=\"89f374c\" data-element_type=\"section\" data-e-type=\"section\" data-settings=\"{&quot;background_background&quot;:&quot;classic&quot;}\">\n\t\t\t\t\t\t<div class=\"elementor-container elementor-column-gap-default\">\n\t\t\t\t\t<div class=\"elementor-column elementor-col-50 elementor-top-column elementor-element elementor-element-b2c4675\" data-id=\"b2c4675\" data-element_type=\"column\" data-e-type=\"column\">\n\t\t\t<div class=\"elementor-widget-wrap elementor-element-populated\">\n\t\t\t\t\t\t<div class=\"elementor-element elementor-element-b5443f0 elementor-widget elementor-widget-heading\" data-id=\"b5443f0\" data-element_type=\"widget\" data-e-type=\"widget\" data-widget_type=\"heading.default\">\n\t\t\t\t<div class=\"elementor-widget-container\">\n\t\t\t\t\t<h1 class=\"elementor-heading-title elementor-size-default\">From planning to pregnancy to parenthood, genetics can help<\/h1>\t\t\t\t<\/div>\n\t\t\t\t<\/div>\n\t\t\t\t<div class=\"elementor-element elementor-element-fa3efe3 elementor-widget elementor-widget-heading\" data-id=\"fa3efe3\" data-element_type=\"widget\" data-e-type=\"widget\" data-widget_type=\"heading.default\">\n\t\t\t\t<div class=\"elementor-widget-container\">\n\t\t\t\t\t<h2 class=\"elementor-heading-title elementor-size-default\">When you're planning a family, you want everything to go smoothly.<\/h2>\t\t\t\t<\/div>\n\t\t\t\t<\/div>\n\t\t\t\t<div class=\"elementor-element elementor-element-6a1b414 elementor-align-left elementor-widget elementor-widget-button\" data-id=\"6a1b414\" data-element_type=\"widget\" data-e-type=\"widget\" data-widget_type=\"button.default\">\n\t\t\t\t<div class=\"elementor-widget-container\">\n\t\t\t\t\t\t\t\t\t<div class=\"elementor-button-wrapper\">\n\t\t\t\t\t<a class=\"elementor-button elementor-button-link elementor-size-sm\" href=\"#elementor-action%3Aaction%3Dpopup%3Aopen%26settings%3DeyJpZCI6Mjg4NCwidG9nZ2xlIjpmYWxzZX0%3D\">\n\t\t\t\t\t\t<span class=\"elementor-button-content-wrapper\">\n\t\t\t\t\t\t\t\t\t<span class=\"elementor-button-text\">More information<\/span>\n\t\t\t\t\t<\/span>\n\t\t\t\t\t<\/a>\n\t\t\t\t<\/div>\n\t\t\t\t\t\t\t\t<\/div>\n\t\t\t\t<\/div>\n\t\t\t\t\t<\/div>\n\t\t<\/div>\n\t\t\t\t<div class=\"elementor-column elementor-col-50 elementor-top-column elementor-element elementor-element-e0a1196\" data-id=\"e0a1196\" data-element_type=\"column\" data-e-type=\"column\">\n\t\t\t<div class=\"elementor-widget-wrap\">\n\t\t\t\t\t\t\t<\/div>\n\t\t<\/div>\n\t\t\t\t\t<\/div>\n\t\t<\/section>\n\t\t\t\t<section class=\"elementor-section elementor-top-section elementor-element elementor-element-982c588 elementor-section-boxed elementor-section-height-default elementor-section-height-default\" data-id=\"982c588\" data-element_type=\"section\" data-e-type=\"section\">\n\t\t\t\t\t\t<div class=\"elementor-container elementor-column-gap-default\">\n\t\t\t\t\t<div class=\"elementor-column elementor-col-100 elementor-top-column elementor-element elementor-element-f3cb4e4\" data-id=\"f3cb4e4\" data-element_type=\"column\" data-e-type=\"column\">\n\t\t\t<div class=\"elementor-widget-wrap elementor-element-populated\">\n\t\t\t\t\t\t<div class=\"elementor-element elementor-element-2351e90 elementor-widget elementor-widget-heading\" data-id=\"2351e90\" data-element_type=\"widget\" data-e-type=\"widget\" data-widget_type=\"heading.default\">\n\t\t\t\t<div class=\"elementor-widget-container\">\n\t\t\t\t\t<h2 class=\"elementor-heading-title elementor-size-default\">Thinking about having a baby?<\/h2>\t\t\t\t<\/div>\n\t\t\t\t<\/div>\n\t\t\t\t<div class=\"elementor-element elementor-element-82b3f84 elementor-widget elementor-widget-heading\" data-id=\"82b3f84\" data-element_type=\"widget\" data-e-type=\"widget\" data-widget_type=\"heading.default\">\n\t\t\t\t<div class=\"elementor-widget-container\">\n\t\t\t\t\t<h3 class=\"elementor-heading-title elementor-size-default\">Understanding what's in your genes can help you make more informed decisions for a healthy pregnancy.<\/h3>\t\t\t\t<\/div>\n\t\t\t\t<\/div>\n\t\t\t\t<div class=\"elementor-element elementor-element-f7b7552 elementor-widget elementor-widget-text-editor\" data-id=\"f7b7552\" data-element_type=\"widget\" data-e-type=\"widget\" data-widget_type=\"text-editor.default\">\n\t\t\t\t<div class=\"elementor-widget-container\">\n\t\t\t\t\t\t\t\t\t<p>While most babies are born healthy, with every pregnancy there is a small chance of having a baby with a health condition. Genetic testing from Clinica Express eliminates the uncertainty. Now is a good time for genetic testing. It gives you more options for conception and can help you plan for a healthy pregnancy.   <\/p>\t\t\t\t\t\t\t\t<\/div>\n\t\t\t\t<\/div>\n\t\t\t\t\t<\/div>\n\t\t<\/div>\n\t\t\t\t\t<\/div>\n\t\t<\/section>\n\t\t\t\t<section class=\"elementor-section elementor-top-section elementor-element elementor-element-4160d0a elementor-section-boxed elementor-section-height-default elementor-section-height-default\" data-id=\"4160d0a\" data-element_type=\"section\" data-e-type=\"section\">\n\t\t\t\t\t\t<div class=\"elementor-container elementor-column-gap-default\">\n\t\t\t\t\t<div class=\"elementor-column elementor-col-25 elementor-top-column elementor-element elementor-element-b1ab136\" data-id=\"b1ab136\" data-element_type=\"column\" data-e-type=\"column\">\n\t\t\t<div class=\"elementor-widget-wrap\">\n\t\t\t\t\t\t\t<\/div>\n\t\t<\/div>\n\t\t\t\t<div class=\"elementor-column elementor-col-25 elementor-top-column elementor-element elementor-element-85a3932\" data-id=\"85a3932\" data-element_type=\"column\" data-e-type=\"column\">\n\t\t\t<div class=\"elementor-widget-wrap elementor-element-populated\">\n\t\t\t\t\t\t<div class=\"elementor-element elementor-element-d3c2b1b elementor-widget elementor-widget-image\" data-id=\"d3c2b1b\" data-element_type=\"widget\" data-e-type=\"widget\" data-widget_type=\"image.default\">\n\t\t\t\t<div class=\"elementor-widget-container\">\n\t\t\t\t\t\t\t\t\t\t\t\t\t\t\t\t<a href=\"https:\/\/clinica.express\/genetica-embarazo-prenatal\/\">\n\t\t\t\t\t\t\t<img decoding=\"async\" width=\"64\" height=\"64\" src=\"https:\/\/clinica.express\/wp-content\/uploads\/2022\/10\/embarazo.png\" class=\"attachment-large size-large wp-image-5711\" alt=\"\" \/>\t\t\t\t\t\t\t\t<\/a>\n\t\t\t\t\t\t\t\t\t\t\t\t\t\t\t<\/div>\n\t\t\t\t<\/div>\n\t\t\t\t<div class=\"elementor-element elementor-element-e3da42b elementor-widget elementor-widget-heading\" data-id=\"e3da42b\" data-element_type=\"widget\" data-e-type=\"widget\" data-widget_type=\"heading.default\">\n\t\t\t\t<div class=\"elementor-widget-container\">\n\t\t\t\t\t<h4 class=\"elementor-heading-title elementor-size-medium\"><a href=\"https:\/\/clinica.express\/genetica-embarazo-prenatal\/\">Prenatal Genetic Screening<\/a><\/h4>\t\t\t\t<\/div>\n\t\t\t\t<\/div>\n\t\t\t\t<div class=\"elementor-element elementor-element-ef52662 elementor-widget elementor-widget-text-editor\" data-id=\"ef52662\" data-element_type=\"widget\" data-e-type=\"widget\" data-widget_type=\"text-editor.default\">\n\t\t\t\t<div class=\"elementor-widget-container\">\n\t\t\t\t\t\t\t\t\t<p><a href=\"https:\/\/clinica.express\/genetica-embarazo-prenatal\/\">It determines your risk of passing on a genetic condition to your child, even if you do not have the condition yourself.<\/a><\/p>\t\t\t\t\t\t\t\t<\/div>\n\t\t\t\t<\/div>\n\t\t\t\t<div class=\"elementor-element elementor-element-6700110 elementor-align-center elementor-icon-list--layout-traditional elementor-list-item-link-full_width elementor-widget elementor-widget-icon-list\" data-id=\"6700110\" data-element_type=\"widget\" data-e-type=\"widget\" data-widget_type=\"icon-list.default\">\n\t\t\t\t<div class=\"elementor-widget-container\">\n\t\t\t\t\t\t\t<ul class=\"elementor-icon-list-items\">\n\t\t\t\t\t\t\t<li class=\"elementor-icon-list-item\">\n\t\t\t\t\t\t\t\t\t\t\t<a href=\"https:\/\/clinica.express\/genetica-embarazo-prenatal\/\">\n\n\t\t\t\t\t\t\t\t\t\t\t\t<span class=\"elementor-icon-list-icon\">\n\t\t\t\t\t\t\t<i aria-hidden=\"true\" class=\"fas fa-chevron-right\"><\/i>\t\t\t\t\t\t<\/span>\n\t\t\t\t\t\t\t\t\t\t<span class=\"elementor-icon-list-text\">Read more<\/span>\n\t\t\t\t\t\t\t\t\t\t\t<\/a>\n\t\t\t\t\t\t\t\t\t<\/li>\n\t\t\t\t\t\t<\/ul>\n\t\t\t\t\t\t<\/div>\n\t\t\t\t<\/div>\n\t\t\t\t\t<\/div>\n\t\t<\/div>\n\t\t\t\t<div class=\"elementor-column elementor-col-25 elementor-top-column elementor-element elementor-element-e742d13\" data-id=\"e742d13\" data-element_type=\"column\" data-e-type=\"column\">\n\t\t\t<div class=\"elementor-widget-wrap elementor-element-populated\">\n\t\t\t\t\t\t<div class=\"elementor-element elementor-element-0bb9413 elementor-widget elementor-widget-image\" data-id=\"0bb9413\" data-element_type=\"widget\" data-e-type=\"widget\" data-widget_type=\"image.default\">\n\t\t\t\t<div class=\"elementor-widget-container\">\n\t\t\t\t\t\t\t\t\t\t\t\t\t\t\t\t<a href=\"https:\/\/clinica.express\/en\/genetics-neonatal-pregnancy\/\">\n\t\t\t\t\t\t\t<img decoding=\"async\" width=\"64\" height=\"64\" src=\"https:\/\/clinica.express\/wp-content\/uploads\/2022\/10\/postnatal.png\" class=\"attachment-large size-large wp-image-5713\" alt=\"\" \/>\t\t\t\t\t\t\t\t<\/a>\n\t\t\t\t\t\t\t\t\t\t\t\t\t\t\t<\/div>\n\t\t\t\t<\/div>\n\t\t\t\t<div class=\"elementor-element elementor-element-ab1f96b elementor-widget elementor-widget-heading\" data-id=\"ab1f96b\" data-element_type=\"widget\" data-e-type=\"widget\" data-widget_type=\"heading.default\">\n\t\t\t\t<div class=\"elementor-widget-container\">\n\t\t\t\t\t<h4 class=\"elementor-heading-title elementor-size-medium\"><a href=\"https:\/\/clinica.express\/en\/genetics-neonatal-pregnancy\/\">Neonatal Genetic Evaluation<\/a><\/h4>\t\t\t\t<\/div>\n\t\t\t\t<\/div>\n\t\t\t\t<div class=\"elementor-element elementor-element-bd96bb1 elementor-widget elementor-widget-text-editor\" data-id=\"bd96bb1\" data-element_type=\"widget\" data-e-type=\"widget\" data-widget_type=\"text-editor.default\">\n\t\t\t\t<div class=\"elementor-widget-container\">\n\t\t\t\t\t\t\t\t\t<p><a href=\"https:\/\/clinica.express\/en\/genetics-neonatal-pregnancy\/\">Discover the risk of certain genetic disorders in your baby<\/a><\/p>\t\t\t\t\t\t\t\t<\/div>\n\t\t\t\t<\/div>\n\t\t\t\t<div class=\"elementor-element elementor-element-baab242 elementor-align-center elementor-icon-list--layout-traditional elementor-list-item-link-full_width elementor-widget elementor-widget-icon-list\" data-id=\"baab242\" data-element_type=\"widget\" data-e-type=\"widget\" data-widget_type=\"icon-list.default\">\n\t\t\t\t<div class=\"elementor-widget-container\">\n\t\t\t\t\t\t\t<ul class=\"elementor-icon-list-items\">\n\t\t\t\t\t\t\t<li class=\"elementor-icon-list-item\">\n\t\t\t\t\t\t\t\t\t\t\t<a href=\"https:\/\/clinica.express\/en\/genetics-neonatal-pregnancy\/\">\n\n\t\t\t\t\t\t\t\t\t\t\t\t<span class=\"elementor-icon-list-icon\">\n\t\t\t\t\t\t\t<i aria-hidden=\"true\" class=\"fas fa-chevron-right\"><\/i>\t\t\t\t\t\t<\/span>\n\t\t\t\t\t\t\t\t\t\t<span class=\"elementor-icon-list-text\">Read more<\/span>\n\t\t\t\t\t\t\t\t\t\t\t<\/a>\n\t\t\t\t\t\t\t\t\t<\/li>\n\t\t\t\t\t\t<\/ul>\n\t\t\t\t\t\t<\/div>\n\t\t\t\t<\/div>\n\t\t\t\t\t<\/div>\n\t\t<\/div>\n\t\t\t\t<div class=\"elementor-column elementor-col-25 elementor-top-column elementor-element elementor-element-e08d649\" data-id=\"e08d649\" data-element_type=\"column\" data-e-type=\"column\">\n\t\t\t<div class=\"elementor-widget-wrap\">\n\t\t\t\t\t\t\t<\/div>\n\t\t<\/div>\n\t\t\t\t\t<\/div>\n\t\t<\/section>\n\t\t\t\t<\/div>\n\t\t","protected":false},"excerpt":{"rendered":"<p>From planning to pregnancy to parenthood, genetics can help When you&#8217;re planning a family, you want everything to go smoothly. More information Thinking about having a baby? Understanding what&#8217;s in your genes can help you make more informed decisions for a healthy pregnancy. While most babies are born healthy, with every pregnancy there is a [&hellip;]<\/p>\n","protected":false},"author":1,"featured_media":0,"parent":0,"menu_order":0,"comment_status":"closed","ping_status":"closed","template":"","meta":{"inline_featured_image":false,"_joinchat":[],"footnotes":""},"class_list":["post-11457","page","type-page","status-publish","hentry"],"yoast_head":"<!-- This site is optimized with the Yoast SEO Premium plugin v26.8 (Yoast SEO v27.4) - https:\/\/yoast.com\/product\/yoast-seo-premium-wordpress\/ -->\n<title>Genetics Pregnancy - Cl\u00ednica Express<\/title>\n<meta name=\"robots\" content=\"index, follow, max-snippet:-1, max-image-preview:large, max-video-preview:-1\" \/>\n<link rel=\"canonical\" href=\"https:\/\/clinica.express\/en\/genetics-pregnancy\/\" \/>\n<meta property=\"og:locale\" content=\"en_US\" \/>\n<meta property=\"og:type\" content=\"article\" \/>\n<meta property=\"og:title\" content=\"Genetics Pregnancy\" \/>\n<meta property=\"og:description\" content=\"From planning to pregnancy to parenthood, genetics can help When you&#8217;re planning a family, you want everything to go smoothly. More information Thinking about having a baby? Understanding what&#8217;s in your genes can help you make more informed decisions for a healthy pregnancy. While most babies are born healthy, with every pregnancy there is a [&hellip;]\" \/>\n<meta property=\"og:url\" content=\"https:\/\/clinica.express\/en\/genetics-pregnancy\/\" \/>\n<meta property=\"og:site_name\" content=\"Cl\u00ednica Express\" \/>\n<meta property=\"article:publisher\" content=\"https:\/\/www.facebook.com\/clinica.express.panama\" \/>\n<meta property=\"article:modified_time\" content=\"2025-08-31T01:10:53+00:00\" \/>\n<meta property=\"og:image\" content=\"https:\/\/clinica.express\/wp-content\/uploads\/2022\/10\/embarazo.png\" \/>\n<meta name=\"twitter:card\" content=\"summary_large_image\" \/>\n<meta name=\"twitter:label1\" content=\"Est. reading time\" \/>\n\t<meta name=\"twitter:data1\" content=\"1 minute\" \/>\n<script type=\"application\/ld+json\" class=\"yoast-schema-graph\">{\"@context\":\"https:\\\/\\\/schema.org\",\"@graph\":[{\"@type\":\"WebPage\",\"@id\":\"https:\\\/\\\/clinica.express\\\/en\\\/genetics-pregnancy\\\/\",\"url\":\"https:\\\/\\\/clinica.express\\\/en\\\/genetics-pregnancy\\\/\",\"name\":\"Genetics Pregnancy - Cl\u00ednica Express\",\"isPartOf\":{\"@id\":\"https:\\\/\\\/clinica.express\\\/en\\\/#website\"},\"primaryImageOfPage\":{\"@id\":\"https:\\\/\\\/clinica.express\\\/en\\\/genetics-pregnancy\\\/#primaryimage\"},\"image\":{\"@id\":\"https:\\\/\\\/clinica.express\\\/en\\\/genetics-pregnancy\\\/#primaryimage\"},\"thumbnailUrl\":\"https:\\\/\\\/clinica.express\\\/wp-content\\\/uploads\\\/2022\\\/10\\\/embarazo.png\",\"datePublished\":\"2022-10-27T19:24:01+00:00\",\"dateModified\":\"2025-08-31T01:10:53+00:00\",\"breadcrumb\":{\"@id\":\"https:\\\/\\\/clinica.express\\\/en\\\/genetics-pregnancy\\\/#breadcrumb\"},\"inLanguage\":\"en-US\",\"potentialAction\":[{\"@type\":\"ReadAction\",\"target\":[\"https:\\\/\\\/clinica.express\\\/en\\\/genetics-pregnancy\\\/\"]}]},{\"@type\":\"ImageObject\",\"inLanguage\":\"en-US\",\"@id\":\"https:\\\/\\\/clinica.express\\\/en\\\/genetics-pregnancy\\\/#primaryimage\",\"url\":\"https:\\\/\\\/clinica.express\\\/wp-content\\\/uploads\\\/2022\\\/10\\\/embarazo.png\",\"contentUrl\":\"https:\\\/\\\/clinica.express\\\/wp-content\\\/uploads\\\/2022\\\/10\\\/embarazo.png\"},{\"@type\":\"BreadcrumbList\",\"@id\":\"https:\\\/\\\/clinica.express\\\/en\\\/genetics-pregnancy\\\/#breadcrumb\",\"itemListElement\":[{\"@type\":\"ListItem\",\"position\":1,\"name\":\"Portada\",\"item\":\"https:\\\/\\\/clinica.express\\\/en\\\/\"},{\"@type\":\"ListItem\",\"position\":2,\"name\":\"Genetics Pregnancy\"}]},{\"@type\":\"WebSite\",\"@id\":\"https:\\\/\\\/clinica.express\\\/en\\\/#website\",\"url\":\"https:\\\/\\\/clinica.express\\\/en\\\/\",\"name\":\"Cl\u00ednica Express | Laboratorio en Panam\u00e1\",\"description\":\"Laboratorio Cl\u00ednico en Panam\u00e1\",\"publisher\":{\"@id\":\"https:\\\/\\\/clinica.express\\\/en\\\/#organization\"},\"alternateName\":\"Cl\u00ednica Express | Laboratorio en Panam\u00e1\",\"potentialAction\":[{\"@type\":\"SearchAction\",\"target\":{\"@type\":\"EntryPoint\",\"urlTemplate\":\"https:\\\/\\\/clinica.express\\\/en\\\/?s={search_term_string}\"},\"query-input\":{\"@type\":\"PropertyValueSpecification\",\"valueRequired\":true,\"valueName\":\"search_term_string\"}}],\"inLanguage\":\"en-US\"},{\"@type\":\"Organization\",\"@id\":\"https:\\\/\\\/clinica.express\\\/en\\\/#organization\",\"name\":\"Cl\u00ednica y laboratorio Express\",\"alternateName\":\"Cl\u00ednica Express | Laboratorio en Panam\u00e1\",\"url\":\"https:\\\/\\\/clinica.express\\\/en\\\/\",\"logo\":{\"@type\":\"ImageObject\",\"inLanguage\":\"en-US\",\"@id\":\"https:\\\/\\\/clinica.express\\\/en\\\/#\\\/schema\\\/logo\\\/image\\\/\",\"url\":\"https:\\\/\\\/clinica.express\\\/wp-content\\\/uploads\\\/2023\\\/12\\\/logo-clinica.png\",\"contentUrl\":\"https:\\\/\\\/clinica.express\\\/wp-content\\\/uploads\\\/2023\\\/12\\\/logo-clinica.png\",\"width\":800,\"height\":800,\"caption\":\"Cl\u00ednica y laboratorio Express\"},\"image\":{\"@id\":\"https:\\\/\\\/clinica.express\\\/en\\\/#\\\/schema\\\/logo\\\/image\\\/\"},\"sameAs\":[\"https:\\\/\\\/www.facebook.com\\\/clinica.express.panama\",\"https:\\\/\\\/www.instagram.com\\\/clinica.express.panama\\\/\",\"https:\\\/\\\/www.linkedin.com\\\/company\\\/clinica-express\\\/\",\"https:\\\/\\\/www.youtube.com\\\/channel\\\/UCPlna4mGTG35Akht31nzyoQ\\\/videos\"]}]}<\/script>\n<!-- \/ Yoast SEO Premium plugin. -->","yoast_head_json":{"title":"Genetics Pregnancy - Cl\u00ednica Express","robots":{"index":"index","follow":"follow","max-snippet":"max-snippet:-1","max-image-preview":"max-image-preview:large","max-video-preview":"max-video-preview:-1"},"canonical":"https:\/\/clinica.express\/en\/genetics-pregnancy\/","og_locale":"en_US","og_type":"article","og_title":"Genetics Pregnancy","og_description":"From planning to pregnancy to parenthood, genetics can help When you&#8217;re planning a family, you want everything to go smoothly. More information Thinking about having a baby? Understanding what&#8217;s in your genes can help you make more informed decisions for a healthy pregnancy. While most babies are born healthy, with every pregnancy there is a [&hellip;]","og_url":"https:\/\/clinica.express\/en\/genetics-pregnancy\/","og_site_name":"Cl\u00ednica Express","article_publisher":"https:\/\/www.facebook.com\/clinica.express.panama","article_modified_time":"2025-08-31T01:10:53+00:00","og_image":[{"url":"https:\/\/clinica.express\/wp-content\/uploads\/2022\/10\/embarazo.png","type":"","width":"","height":""}],"twitter_card":"summary_large_image","twitter_misc":{"Est. reading time":"1 minute"},"schema":{"@context":"https:\/\/schema.org","@graph":[{"@type":"WebPage","@id":"https:\/\/clinica.express\/en\/genetics-pregnancy\/","url":"https:\/\/clinica.express\/en\/genetics-pregnancy\/","name":"Genetics Pregnancy - Cl\u00ednica Express","isPartOf":{"@id":"https:\/\/clinica.express\/en\/#website"},"primaryImageOfPage":{"@id":"https:\/\/clinica.express\/en\/genetics-pregnancy\/#primaryimage"},"image":{"@id":"https:\/\/clinica.express\/en\/genetics-pregnancy\/#primaryimage"},"thumbnailUrl":"https:\/\/clinica.express\/wp-content\/uploads\/2022\/10\/embarazo.png","datePublished":"2022-10-27T19:24:01+00:00","dateModified":"2025-08-31T01:10:53+00:00","breadcrumb":{"@id":"https:\/\/clinica.express\/en\/genetics-pregnancy\/#breadcrumb"},"inLanguage":"en-US","potentialAction":[{"@type":"ReadAction","target":["https:\/\/clinica.express\/en\/genetics-pregnancy\/"]}]},{"@type":"ImageObject","inLanguage":"en-US","@id":"https:\/\/clinica.express\/en\/genetics-pregnancy\/#primaryimage","url":"https:\/\/clinica.express\/wp-content\/uploads\/2022\/10\/embarazo.png","contentUrl":"https:\/\/clinica.express\/wp-content\/uploads\/2022\/10\/embarazo.png"},{"@type":"BreadcrumbList","@id":"https:\/\/clinica.express\/en\/genetics-pregnancy\/#breadcrumb","itemListElement":[{"@type":"ListItem","position":1,"name":"Portada","item":"https:\/\/clinica.express\/en\/"},{"@type":"ListItem","position":2,"name":"Genetics Pregnancy"}]},{"@type":"WebSite","@id":"https:\/\/clinica.express\/en\/#website","url":"https:\/\/clinica.express\/en\/","name":"Cl\u00ednica Express | Laboratorio en Panam\u00e1","description":"Laboratorio Cl\u00ednico en Panam\u00e1","publisher":{"@id":"https:\/\/clinica.express\/en\/#organization"},"alternateName":"Cl\u00ednica Express | Laboratorio en Panam\u00e1","potentialAction":[{"@type":"SearchAction","target":{"@type":"EntryPoint","urlTemplate":"https:\/\/clinica.express\/en\/?s={search_term_string}"},"query-input":{"@type":"PropertyValueSpecification","valueRequired":true,"valueName":"search_term_string"}}],"inLanguage":"en-US"},{"@type":"Organization","@id":"https:\/\/clinica.express\/en\/#organization","name":"Cl\u00ednica y laboratorio Express","alternateName":"Cl\u00ednica Express | Laboratorio en Panam\u00e1","url":"https:\/\/clinica.express\/en\/","logo":{"@type":"ImageObject","inLanguage":"en-US","@id":"https:\/\/clinica.express\/en\/#\/schema\/logo\/image\/","url":"https:\/\/clinica.express\/wp-content\/uploads\/2023\/12\/logo-clinica.png","contentUrl":"https:\/\/clinica.express\/wp-content\/uploads\/2023\/12\/logo-clinica.png","width":800,"height":800,"caption":"Cl\u00ednica y laboratorio Express"},"image":{"@id":"https:\/\/clinica.express\/en\/#\/schema\/logo\/image\/"},"sameAs":["https:\/\/www.facebook.com\/clinica.express.panama","https:\/\/www.instagram.com\/clinica.express.panama\/","https:\/\/www.linkedin.com\/company\/clinica-express\/","https:\/\/www.youtube.com\/channel\/UCPlna4mGTG35Akht31nzyoQ\/videos"]}]}},"_links":{"self":[{"href":"https:\/\/clinica.express\/en\/wp-json\/wp\/v2\/pages\/11457","targetHints":{"allow":["GET"]}}],"collection":[{"href":"https:\/\/clinica.express\/en\/wp-json\/wp\/v2\/pages"}],"about":[{"href":"https:\/\/clinica.express\/en\/wp-json\/wp\/v2\/types\/page"}],"author":[{"embeddable":true,"href":"https:\/\/clinica.express\/en\/wp-json\/wp\/v2\/users\/1"}],"replies":[{"embeddable":true,"href":"https:\/\/clinica.express\/en\/wp-json\/wp\/v2\/comments?post=11457"}],"version-history":[{"count":1,"href":"https:\/\/clinica.express\/en\/wp-json\/wp\/v2\/pages\/11457\/revisions"}],"predecessor-version":[{"id":11458,"href":"https:\/\/clinica.express\/en\/wp-json\/wp\/v2\/pages\/11457\/revisions\/11458"}],"wp:attachment":[{"href":"https:\/\/clinica.express\/en\/wp-json\/wp\/v2\/media?parent=11457"}],"curies":[{"name":"wp","href":"https:\/\/api.w.org\/{rel}","templated":true}]}}