{"id":11188,"date":"2022-10-27T14:54:11","date_gmt":"2022-10-27T19:54:11","guid":{"rendered":"https:\/\/clinica.express\/genetics-neonatal-pregnancy\/"},"modified":"2025-08-20T11:05:33","modified_gmt":"2025-08-20T16:05:33","slug":"genetics-neonatal-pregnancy","status":"publish","type":"page","link":"https:\/\/clinica.express\/en\/genetics-neonatal-pregnancy\/","title":{"rendered":"Genetics Neonatal Pregnancy"},"content":{"rendered":"\t\t<div data-elementor-type=\"wp-page\" data-elementor-id=\"11188\" class=\"elementor elementor-11188 elementor-2679\" data-elementor-post-type=\"page\">\n\t\t\t\t\t\t<section class=\"elementor-section elementor-top-section elementor-element elementor-element-5aed6e5 elementor-section-boxed elementor-section-height-default elementor-section-height-default\" data-id=\"5aed6e5\" data-element_type=\"section\" data-e-type=\"section\">\n\t\t\t\t\t\t<div class=\"elementor-container elementor-column-gap-default\">\n\t\t\t\t\t<div class=\"elementor-column elementor-col-50 elementor-top-column elementor-element elementor-element-f1f4d03\" data-id=\"f1f4d03\" data-element_type=\"column\" data-e-type=\"column\">\n\t\t\t<div class=\"elementor-widget-wrap elementor-element-populated\">\n\t\t\t\t\t\t<div class=\"elementor-element elementor-element-e941b57 elementor-widget elementor-widget-heading\" data-id=\"e941b57\" data-element_type=\"widget\" data-e-type=\"widget\" data-widget_type=\"heading.default\">\n\t\t\t\t<div class=\"elementor-widget-container\">\n\t\t\t\t\t<h1 class=\"elementor-heading-title elementor-size-default\">Gain valuable information with noninvasive neonatal tests<\/h1>\t\t\t\t<\/div>\n\t\t\t\t<\/div>\n\t\t\t\t\t<\/div>\n\t\t<\/div>\n\t\t\t\t<div class=\"elementor-column elementor-col-50 elementor-top-column elementor-element elementor-element-b2293c0\" data-id=\"b2293c0\" data-element_type=\"column\" data-e-type=\"column\">\n\t\t\t<div class=\"elementor-widget-wrap\">\n\t\t\t\t\t\t\t<\/div>\n\t\t<\/div>\n\t\t\t\t\t<\/div>\n\t\t<\/section>\n\t\t\t\t<section class=\"elementor-section elementor-top-section elementor-element elementor-element-5ab9c9e elementor-section-boxed elementor-section-height-default elementor-section-height-default\" data-id=\"5ab9c9e\" data-element_type=\"section\" data-e-type=\"section\">\n\t\t\t\t\t\t<div class=\"elementor-container elementor-column-gap-default\">\n\t\t\t\t\t<div class=\"elementor-column elementor-col-100 elementor-top-column elementor-element elementor-element-5afa058\" data-id=\"5afa058\" data-element_type=\"column\" data-e-type=\"column\">\n\t\t\t<div class=\"elementor-widget-wrap elementor-element-populated\">\n\t\t\t\t\t\t<div class=\"elementor-element elementor-element-8790f61 elementor-widget elementor-widget-heading\" data-id=\"8790f61\" data-element_type=\"widget\" data-e-type=\"widget\" data-widget_type=\"heading.default\">\n\t\t\t\t<div class=\"elementor-widget-container\">\n\t\t\t\t\t<h2 class=\"elementor-heading-title elementor-size-default\">Part of your plan for a healthy baby<\/h2>\t\t\t\t<\/div>\n\t\t\t\t<\/div>\n\t\t\t\t<div class=\"elementor-element elementor-element-ffac2e0 elementor-widget elementor-widget-text-editor\" data-id=\"ffac2e0\" data-element_type=\"widget\" data-e-type=\"widget\" data-widget_type=\"text-editor.default\">\n\t\t\t\t<div class=\"elementor-widget-container\">\n\t\t\t\t\t\t\t\t\t<p><span class=\"\">Noninvasive neonatal screening is another important part of a healthy postpartum period.<\/span><\/p>\t\t\t\t\t\t\t\t<\/div>\n\t\t\t\t<\/div>\n\t\t\t\t\t<\/div>\n\t\t<\/div>\n\t\t\t\t\t<\/div>\n\t\t<\/section>\n\t\t\t\t<section class=\"elementor-section elementor-top-section elementor-element elementor-element-49819ba elementor-section-boxed elementor-section-height-default elementor-section-height-default\" data-id=\"49819ba\" data-element_type=\"section\" data-e-type=\"section\">\n\t\t\t\t\t\t<div class=\"elementor-container elementor-column-gap-default\">\n\t\t\t\t\t<div class=\"elementor-column elementor-col-50 elementor-top-column elementor-element elementor-element-4ed746c\" data-id=\"4ed746c\" data-element_type=\"column\" data-e-type=\"column\">\n\t\t\t<div class=\"elementor-widget-wrap elementor-element-populated\">\n\t\t\t\t\t\t<div class=\"elementor-element elementor-element-1bd0a3b elementor-widget elementor-widget-heading\" data-id=\"1bd0a3b\" data-element_type=\"widget\" data-e-type=\"widget\" data-widget_type=\"heading.default\">\n\t\t\t\t<div class=\"elementor-widget-container\">\n\t\t\t\t\t<h2 class=\"elementor-heading-title elementor-size-default\">An important part of pregnancy care.<\/h2>\t\t\t\t<\/div>\n\t\t\t\t<\/div>\n\t\t\t\t<div class=\"elementor-element elementor-element-b2dd9fc elementor-widget elementor-widget-text-editor\" data-id=\"b2dd9fc\" data-element_type=\"widget\" data-e-type=\"widget\" data-widget_type=\"text-editor.default\">\n\t\t\t\t<div class=\"elementor-widget-container\">\n\t\t\t\t\t\t\t\t\t<div class=\"text-and-media-section--body nv-markdown--md nv-body\"><p>Non-invasive neonatal screening is performed by a simple blood draw and checks for the possibility that your baby is affected by certain chromosomal conditions.<\/p><p>These conditions are due to extra or missing genetic material called chromosomes, which can lead to a medical condition.  <\/p><\/div>\t\t\t\t\t\t\t\t<\/div>\n\t\t\t\t<\/div>\n\t\t\t\t<div class=\"elementor-element elementor-element-4d8a6b8 elementor-align-left elementor-widget elementor-widget-button\" data-id=\"4d8a6b8\" data-element_type=\"widget\" data-e-type=\"widget\" data-widget_type=\"button.default\">\n\t\t\t\t<div class=\"elementor-widget-container\">\n\t\t\t\t\t\t\t\t\t<div class=\"elementor-button-wrapper\">\n\t\t\t\t\t<a class=\"elementor-button elementor-button-link elementor-size-sm\" href=\"#elementor-action%3Aaction%3Dpopup%3Aopen%26settings%3DeyJpZCI6Mjg4NCwidG9nZ2xlIjpmYWxzZX0%3D\">\n\t\t\t\t\t\t<span class=\"elementor-button-content-wrapper\">\n\t\t\t\t\t\t\t\t\t<span class=\"elementor-button-text\">More information<\/span>\n\t\t\t\t\t<\/span>\n\t\t\t\t\t<\/a>\n\t\t\t\t<\/div>\n\t\t\t\t\t\t\t\t<\/div>\n\t\t\t\t<\/div>\n\t\t\t\t\t<\/div>\n\t\t<\/div>\n\t\t\t\t<div class=\"elementor-column elementor-col-50 elementor-top-column elementor-element elementor-element-b329e24\" data-id=\"b329e24\" data-element_type=\"column\" data-e-type=\"column\" data-settings=\"{&quot;background_background&quot;:&quot;classic&quot;}\">\n\t\t\t<div class=\"elementor-widget-wrap elementor-element-populated\">\n\t\t\t\t\t\t<div class=\"elementor-element elementor-element-3dd3c8a elementor-widget elementor-widget-spacer\" data-id=\"3dd3c8a\" data-element_type=\"widget\" data-e-type=\"widget\" data-widget_type=\"spacer.default\">\n\t\t\t\t<div class=\"elementor-widget-container\">\n\t\t\t\t\t\t\t<div class=\"elementor-spacer\">\n\t\t\t<div class=\"elementor-spacer-inner\"><\/div>\n\t\t<\/div>\n\t\t\t\t\t\t<\/div>\n\t\t\t\t<\/div>\n\t\t\t\t\t<\/div>\n\t\t<\/div>\n\t\t\t\t\t<\/div>\n\t\t<\/section>\n\t\t\t\t<section class=\"elementor-section elementor-top-section elementor-element elementor-element-9162ace elementor-reverse-mobile elementor-section-boxed elementor-section-height-default elementor-section-height-default\" data-id=\"9162ace\" data-element_type=\"section\" data-e-type=\"section\">\n\t\t\t\t\t\t<div class=\"elementor-container elementor-column-gap-default\">\n\t\t\t\t\t<div class=\"elementor-column elementor-col-50 elementor-top-column elementor-element elementor-element-2fd595a\" data-id=\"2fd595a\" data-element_type=\"column\" data-e-type=\"column\" data-settings=\"{&quot;background_background&quot;:&quot;classic&quot;}\">\n\t\t\t<div class=\"elementor-widget-wrap elementor-element-populated\">\n\t\t\t\t\t\t<div class=\"elementor-element elementor-element-e0b8668 elementor-widget elementor-widget-spacer\" data-id=\"e0b8668\" data-element_type=\"widget\" data-e-type=\"widget\" data-widget_type=\"spacer.default\">\n\t\t\t\t<div class=\"elementor-widget-container\">\n\t\t\t\t\t\t\t<div class=\"elementor-spacer\">\n\t\t\t<div class=\"elementor-spacer-inner\"><\/div>\n\t\t<\/div>\n\t\t\t\t\t\t<\/div>\n\t\t\t\t<\/div>\n\t\t\t\t\t<\/div>\n\t\t<\/div>\n\t\t\t\t<div class=\"elementor-column elementor-col-50 elementor-top-column elementor-element elementor-element-0c438fd\" data-id=\"0c438fd\" data-element_type=\"column\" data-e-type=\"column\">\n\t\t\t<div class=\"elementor-widget-wrap elementor-element-populated\">\n\t\t\t\t\t\t<div class=\"elementor-element elementor-element-3074571 elementor-widget elementor-widget-heading\" data-id=\"3074571\" data-element_type=\"widget\" data-e-type=\"widget\" data-widget_type=\"heading.default\">\n\t\t\t\t<div class=\"elementor-widget-container\">\n\t\t\t\t\t<h2 class=\"elementor-heading-title elementor-size-default\">What are the potential results?<\/h2>\t\t\t\t<\/div>\n\t\t\t\t<\/div>\n\t\t\t\t<div class=\"elementor-element elementor-element-18aa429 elementor-widget elementor-widget-text-editor\" data-id=\"18aa429\" data-element_type=\"widget\" data-e-type=\"widget\" data-widget_type=\"text-editor.default\">\n\t\t\t\t<div class=\"elementor-widget-container\">\n\t\t\t\t\t\t\t\t\t<div class=\"text-and-media-section--body nv-markdown--md nv-body\"><p>For many people, screening tests reveal that the risk of their baby having a chromosomal condition is low.<\/p><p>If the results indicate an elevated risk for a chromosomal condition, our team of geneticists will follow up with diagnostic testing to confirm it. If that diagnostic test is also positive, you may have options, including early treatment. <\/p><\/div>\t\t\t\t\t\t\t\t<\/div>\n\t\t\t\t<\/div>\n\t\t\t\t\t<\/div>\n\t\t<\/div>\n\t\t\t\t\t<\/div>\n\t\t<\/section>\n\t\t\t\t<\/div>\n\t\t","protected":false},"excerpt":{"rendered":"<p>Gain valuable information with noninvasive neonatal tests Part of your plan for a healthy baby Noninvasive neonatal screening is another important part of a healthy postpartum period. An important part of pregnancy care. Non-invasive neonatal screening is performed by a simple blood draw and checks for the possibility that your baby is affected by certain [&hellip;]<\/p>\n","protected":false},"author":1,"featured_media":0,"parent":0,"menu_order":0,"comment_status":"closed","ping_status":"closed","template":"","meta":{"inline_featured_image":false,"_joinchat":[],"footnotes":""},"class_list":["post-11188","page","type-page","status-publish","hentry"],"yoast_head":"<!-- This site is optimized with the Yoast SEO Premium plugin v26.8 (Yoast SEO v27.4) - https:\/\/yoast.com\/product\/yoast-seo-premium-wordpress\/ -->\n<title>Genetics Neonatal Pregnancy - Cl\u00ednica Express<\/title>\n<meta name=\"robots\" content=\"index, follow, max-snippet:-1, max-image-preview:large, max-video-preview:-1\" \/>\n<link rel=\"canonical\" href=\"https:\/\/clinica.express\/en\/genetics-neonatal-pregnancy\/\" \/>\n<meta property=\"og:locale\" content=\"en_US\" \/>\n<meta property=\"og:type\" content=\"article\" \/>\n<meta property=\"og:title\" content=\"Genetics Neonatal Pregnancy\" \/>\n<meta property=\"og:description\" content=\"Gain valuable information with noninvasive neonatal tests Part of your plan for a healthy baby Noninvasive neonatal screening is another important part of a healthy postpartum period. An important part of pregnancy care. Non-invasive neonatal screening is performed by a simple blood draw and checks for the possibility that your baby is affected by certain [&hellip;]\" \/>\n<meta property=\"og:url\" content=\"https:\/\/clinica.express\/en\/genetics-neonatal-pregnancy\/\" \/>\n<meta property=\"og:site_name\" content=\"Cl\u00ednica Express\" \/>\n<meta property=\"article:publisher\" content=\"https:\/\/www.facebook.com\/clinica.express.panama\" \/>\n<meta property=\"article:modified_time\" content=\"2025-08-20T16:05:33+00:00\" \/>\n<meta property=\"og:image\" content=\"https:\/\/clinica.express\/wp-content\/uploads\/2025\/07\/Laboratorio-Express-Horizontal.png\" \/>\n\t<meta property=\"og:image:width\" content=\"1718\" \/>\n\t<meta property=\"og:image:height\" content=\"483\" \/>\n\t<meta property=\"og:image:type\" content=\"image\/png\" \/>\n<meta name=\"twitter:card\" content=\"summary_large_image\" \/>\n<meta name=\"twitter:label1\" content=\"Est. reading time\" \/>\n\t<meta name=\"twitter:data1\" content=\"1 minute\" \/>\n<script type=\"application\/ld+json\" class=\"yoast-schema-graph\">{\"@context\":\"https:\\\/\\\/schema.org\",\"@graph\":[{\"@type\":\"WebPage\",\"@id\":\"https:\\\/\\\/clinica.express\\\/en\\\/genetics-neonatal-pregnancy\\\/\",\"url\":\"https:\\\/\\\/clinica.express\\\/en\\\/genetics-neonatal-pregnancy\\\/\",\"name\":\"Genetics Neonatal Pregnancy - Cl\u00ednica Express\",\"isPartOf\":{\"@id\":\"https:\\\/\\\/clinica.express\\\/en\\\/#website\"},\"datePublished\":\"2022-10-27T19:54:11+00:00\",\"dateModified\":\"2025-08-20T16:05:33+00:00\",\"breadcrumb\":{\"@id\":\"https:\\\/\\\/clinica.express\\\/en\\\/genetics-neonatal-pregnancy\\\/#breadcrumb\"},\"inLanguage\":\"en-US\",\"potentialAction\":[{\"@type\":\"ReadAction\",\"target\":[\"https:\\\/\\\/clinica.express\\\/en\\\/genetics-neonatal-pregnancy\\\/\"]}]},{\"@type\":\"BreadcrumbList\",\"@id\":\"https:\\\/\\\/clinica.express\\\/en\\\/genetics-neonatal-pregnancy\\\/#breadcrumb\",\"itemListElement\":[{\"@type\":\"ListItem\",\"position\":1,\"name\":\"Portada\",\"item\":\"https:\\\/\\\/clinica.express\\\/en\\\/\"},{\"@type\":\"ListItem\",\"position\":2,\"name\":\"Genetics Neonatal Pregnancy\"}]},{\"@type\":\"WebSite\",\"@id\":\"https:\\\/\\\/clinica.express\\\/en\\\/#website\",\"url\":\"https:\\\/\\\/clinica.express\\\/en\\\/\",\"name\":\"Cl\u00ednica Express | Laboratorio en Panam\u00e1\",\"description\":\"Laboratorio Cl\u00ednico en Panam\u00e1\",\"publisher\":{\"@id\":\"https:\\\/\\\/clinica.express\\\/en\\\/#organization\"},\"alternateName\":\"Cl\u00ednica Express | Laboratorio en Panam\u00e1\",\"potentialAction\":[{\"@type\":\"SearchAction\",\"target\":{\"@type\":\"EntryPoint\",\"urlTemplate\":\"https:\\\/\\\/clinica.express\\\/en\\\/?s={search_term_string}\"},\"query-input\":{\"@type\":\"PropertyValueSpecification\",\"valueRequired\":true,\"valueName\":\"search_term_string\"}}],\"inLanguage\":\"en-US\"},{\"@type\":\"Organization\",\"@id\":\"https:\\\/\\\/clinica.express\\\/en\\\/#organization\",\"name\":\"Cl\u00ednica y laboratorio Express\",\"alternateName\":\"Cl\u00ednica Express | Laboratorio en Panam\u00e1\",\"url\":\"https:\\\/\\\/clinica.express\\\/en\\\/\",\"logo\":{\"@type\":\"ImageObject\",\"inLanguage\":\"en-US\",\"@id\":\"https:\\\/\\\/clinica.express\\\/en\\\/#\\\/schema\\\/logo\\\/image\\\/\",\"url\":\"https:\\\/\\\/clinica.express\\\/wp-content\\\/uploads\\\/2023\\\/12\\\/logo-clinica.png\",\"contentUrl\":\"https:\\\/\\\/clinica.express\\\/wp-content\\\/uploads\\\/2023\\\/12\\\/logo-clinica.png\",\"width\":800,\"height\":800,\"caption\":\"Cl\u00ednica y laboratorio Express\"},\"image\":{\"@id\":\"https:\\\/\\\/clinica.express\\\/en\\\/#\\\/schema\\\/logo\\\/image\\\/\"},\"sameAs\":[\"https:\\\/\\\/www.facebook.com\\\/clinica.express.panama\",\"https:\\\/\\\/www.instagram.com\\\/clinica.express.panama\\\/\",\"https:\\\/\\\/www.linkedin.com\\\/company\\\/clinica-express\\\/\",\"https:\\\/\\\/www.youtube.com\\\/channel\\\/UCPlna4mGTG35Akht31nzyoQ\\\/videos\"]}]}<\/script>\n<!-- \/ Yoast SEO Premium plugin. -->","yoast_head_json":{"title":"Genetics Neonatal Pregnancy - Cl\u00ednica Express","robots":{"index":"index","follow":"follow","max-snippet":"max-snippet:-1","max-image-preview":"max-image-preview:large","max-video-preview":"max-video-preview:-1"},"canonical":"https:\/\/clinica.express\/en\/genetics-neonatal-pregnancy\/","og_locale":"en_US","og_type":"article","og_title":"Genetics Neonatal Pregnancy","og_description":"Gain valuable information with noninvasive neonatal tests Part of your plan for a healthy baby Noninvasive neonatal screening is another important part of a healthy postpartum period. An important part of pregnancy care. Non-invasive neonatal screening is performed by a simple blood draw and checks for the possibility that your baby is affected by certain [&hellip;]","og_url":"https:\/\/clinica.express\/en\/genetics-neonatal-pregnancy\/","og_site_name":"Cl\u00ednica Express","article_publisher":"https:\/\/www.facebook.com\/clinica.express.panama","article_modified_time":"2025-08-20T16:05:33+00:00","og_image":[{"width":1718,"height":483,"url":"https:\/\/clinica.express\/wp-content\/uploads\/2025\/07\/Laboratorio-Express-Horizontal.png","type":"image\/png"}],"twitter_card":"summary_large_image","twitter_misc":{"Est. reading time":"1 minute"},"schema":{"@context":"https:\/\/schema.org","@graph":[{"@type":"WebPage","@id":"https:\/\/clinica.express\/en\/genetics-neonatal-pregnancy\/","url":"https:\/\/clinica.express\/en\/genetics-neonatal-pregnancy\/","name":"Genetics Neonatal Pregnancy - Cl\u00ednica Express","isPartOf":{"@id":"https:\/\/clinica.express\/en\/#website"},"datePublished":"2022-10-27T19:54:11+00:00","dateModified":"2025-08-20T16:05:33+00:00","breadcrumb":{"@id":"https:\/\/clinica.express\/en\/genetics-neonatal-pregnancy\/#breadcrumb"},"inLanguage":"en-US","potentialAction":[{"@type":"ReadAction","target":["https:\/\/clinica.express\/en\/genetics-neonatal-pregnancy\/"]}]},{"@type":"BreadcrumbList","@id":"https:\/\/clinica.express\/en\/genetics-neonatal-pregnancy\/#breadcrumb","itemListElement":[{"@type":"ListItem","position":1,"name":"Portada","item":"https:\/\/clinica.express\/en\/"},{"@type":"ListItem","position":2,"name":"Genetics Neonatal Pregnancy"}]},{"@type":"WebSite","@id":"https:\/\/clinica.express\/en\/#website","url":"https:\/\/clinica.express\/en\/","name":"Cl\u00ednica Express | Laboratorio en Panam\u00e1","description":"Laboratorio Cl\u00ednico en Panam\u00e1","publisher":{"@id":"https:\/\/clinica.express\/en\/#organization"},"alternateName":"Cl\u00ednica Express | Laboratorio en Panam\u00e1","potentialAction":[{"@type":"SearchAction","target":{"@type":"EntryPoint","urlTemplate":"https:\/\/clinica.express\/en\/?s={search_term_string}"},"query-input":{"@type":"PropertyValueSpecification","valueRequired":true,"valueName":"search_term_string"}}],"inLanguage":"en-US"},{"@type":"Organization","@id":"https:\/\/clinica.express\/en\/#organization","name":"Cl\u00ednica y laboratorio Express","alternateName":"Cl\u00ednica Express | Laboratorio en Panam\u00e1","url":"https:\/\/clinica.express\/en\/","logo":{"@type":"ImageObject","inLanguage":"en-US","@id":"https:\/\/clinica.express\/en\/#\/schema\/logo\/image\/","url":"https:\/\/clinica.express\/wp-content\/uploads\/2023\/12\/logo-clinica.png","contentUrl":"https:\/\/clinica.express\/wp-content\/uploads\/2023\/12\/logo-clinica.png","width":800,"height":800,"caption":"Cl\u00ednica y laboratorio Express"},"image":{"@id":"https:\/\/clinica.express\/en\/#\/schema\/logo\/image\/"},"sameAs":["https:\/\/www.facebook.com\/clinica.express.panama","https:\/\/www.instagram.com\/clinica.express.panama\/","https:\/\/www.linkedin.com\/company\/clinica-express\/","https:\/\/www.youtube.com\/channel\/UCPlna4mGTG35Akht31nzyoQ\/videos"]}]}},"_links":{"self":[{"href":"https:\/\/clinica.express\/en\/wp-json\/wp\/v2\/pages\/11188","targetHints":{"allow":["GET"]}}],"collection":[{"href":"https:\/\/clinica.express\/en\/wp-json\/wp\/v2\/pages"}],"about":[{"href":"https:\/\/clinica.express\/en\/wp-json\/wp\/v2\/types\/page"}],"author":[{"embeddable":true,"href":"https:\/\/clinica.express\/en\/wp-json\/wp\/v2\/users\/1"}],"replies":[{"embeddable":true,"href":"https:\/\/clinica.express\/en\/wp-json\/wp\/v2\/comments?post=11188"}],"version-history":[{"count":0,"href":"https:\/\/clinica.express\/en\/wp-json\/wp\/v2\/pages\/11188\/revisions"}],"wp:attachment":[{"href":"https:\/\/clinica.express\/en\/wp-json\/wp\/v2\/media?parent=11188"}],"curies":[{"name":"wp","href":"https:\/\/api.w.org\/{rel}","templated":true}]}}