{"id":11152,"date":"2022-10-27T16:00:16","date_gmt":"2022-10-27T21:00:16","guid":{"rendered":"https:\/\/clinica.express\/genetics-oncology\/"},"modified":"2025-08-19T18:52:17","modified_gmt":"2025-08-19T23:52:17","slug":"genetics-oncology","status":"publish","type":"page","link":"https:\/\/clinica.express\/en\/genetics-oncology\/","title":{"rendered":"Genetics oncology"},"content":{"rendered":"\t\t<div data-elementor-type=\"wp-page\" data-elementor-id=\"11152\" class=\"elementor elementor-11152 elementor-2703\" data-elementor-post-type=\"page\">\n\t\t\t\t\t\t<section class=\"elementor-section elementor-top-section elementor-element elementor-element-5c07ecb elementor-section-boxed elementor-section-height-default elementor-section-height-default\" data-id=\"5c07ecb\" data-element_type=\"section\" data-e-type=\"section\" data-settings=\"{&quot;background_background&quot;:&quot;classic&quot;}\">\n\t\t\t\t\t\t<div class=\"elementor-container elementor-column-gap-default\">\n\t\t\t\t\t<div class=\"elementor-column elementor-col-50 elementor-top-column elementor-element elementor-element-17dea65\" data-id=\"17dea65\" data-element_type=\"column\" data-e-type=\"column\">\n\t\t\t<div class=\"elementor-widget-wrap elementor-element-populated\">\n\t\t\t\t\t\t<div class=\"elementor-element elementor-element-3786d76 elementor-widget elementor-widget-heading\" data-id=\"3786d76\" data-element_type=\"widget\" data-e-type=\"widget\" data-widget_type=\"heading.default\">\n\t\t\t\t<div class=\"elementor-widget-container\">\n\t\t\t\t\t<h1 class=\"elementor-heading-title elementor-size-default\">A powerful tool against cancer<\/h1>\t\t\t\t<\/div>\n\t\t\t\t<\/div>\n\t\t\t\t<div class=\"elementor-element elementor-element-a531c74 elementor-widget elementor-widget-heading\" data-id=\"a531c74\" data-element_type=\"widget\" data-e-type=\"widget\" data-widget_type=\"heading.default\">\n\t\t\t\t<div class=\"elementor-widget-container\">\n\t\t\t\t\t<h2 class=\"elementor-heading-title elementor-size-default\">A cancer diagnosis is stressful and overwhelming. We are here to help. <\/h2>\t\t\t\t<\/div>\n\t\t\t\t<\/div>\n\t\t\t\t<div class=\"elementor-element elementor-element-64e4120 elementor-align-left elementor-widget elementor-widget-button\" data-id=\"64e4120\" data-element_type=\"widget\" data-e-type=\"widget\" data-widget_type=\"button.default\">\n\t\t\t\t<div class=\"elementor-widget-container\">\n\t\t\t\t\t\t\t\t\t<div class=\"elementor-button-wrapper\">\n\t\t\t\t\t<a class=\"elementor-button elementor-button-link elementor-size-sm\" href=\"#elementor-action%3Aaction%3Dpopup%3Aopen%26settings%3DeyJpZCI6Mjg4NCwidG9nZ2xlIjpmYWxzZX0%3D\">\n\t\t\t\t\t\t<span class=\"elementor-button-content-wrapper\">\n\t\t\t\t\t\t\t\t\t<span class=\"elementor-button-text\">More information<\/span>\n\t\t\t\t\t<\/span>\n\t\t\t\t\t<\/a>\n\t\t\t\t<\/div>\n\t\t\t\t\t\t\t\t<\/div>\n\t\t\t\t<\/div>\n\t\t\t\t\t<\/div>\n\t\t<\/div>\n\t\t\t\t<div class=\"elementor-column elementor-col-50 elementor-top-column elementor-element elementor-element-06dd71f\" data-id=\"06dd71f\" data-element_type=\"column\" data-e-type=\"column\">\n\t\t\t<div class=\"elementor-widget-wrap\">\n\t\t\t\t\t\t\t<\/div>\n\t\t<\/div>\n\t\t\t\t\t<\/div>\n\t\t<\/section>\n\t\t\t\t<section class=\"elementor-section elementor-top-section elementor-element elementor-element-4105449 elementor-section-boxed elementor-section-height-default elementor-section-height-default\" data-id=\"4105449\" data-element_type=\"section\" data-e-type=\"section\">\n\t\t\t\t\t\t<div class=\"elementor-container elementor-column-gap-default\">\n\t\t\t\t\t<div class=\"elementor-column elementor-col-100 elementor-top-column elementor-element elementor-element-9728216\" data-id=\"9728216\" data-element_type=\"column\" data-e-type=\"column\">\n\t\t\t<div class=\"elementor-widget-wrap elementor-element-populated\">\n\t\t\t\t\t\t<div class=\"elementor-element elementor-element-4503c98 elementor-widget elementor-widget-heading\" data-id=\"4503c98\" data-element_type=\"widget\" data-e-type=\"widget\" data-widget_type=\"heading.default\">\n\t\t\t\t<div class=\"elementor-widget-container\">\n\t\t\t\t\t<h2 class=\"elementor-heading-title elementor-size-default\">Genetic testing and cancer<\/h2>\t\t\t\t<\/div>\n\t\t\t\t<\/div>\n\t\t\t\t<div class=\"elementor-element elementor-element-91279ac elementor-widget elementor-widget-text-editor\" data-id=\"91279ac\" data-element_type=\"widget\" data-e-type=\"widget\" data-widget_type=\"text-editor.default\">\n\t\t\t\t<div class=\"elementor-widget-container\">\n\t\t\t\t\t\t\t\t\t<p>Half of all men and one-third of all women in the U.S. will develop cancer during their lifetime.<\/p><p>In many cases, a person&#8217;s genetics have made him or her more susceptible to cancer and, as a result, he or she may respond differently to therapies, benefit from more aggressive treatment or take steps to avoid getting cancer again in the future.<\/p><p>Understanding your genes can help guide you and your doctor to the most effective treatments, bringing you one step closer to beating cancer and then staying healthy in the long run.<\/p>\t\t\t\t\t\t\t\t<\/div>\n\t\t\t\t<\/div>\n\t\t\t\t\t<\/div>\n\t\t<\/div>\n\t\t\t\t\t<\/div>\n\t\t<\/section>\n\t\t\t\t<section class=\"elementor-section elementor-top-section elementor-element elementor-element-5c2154a elementor-reverse-mobile elementor-section-boxed elementor-section-height-default elementor-section-height-default\" data-id=\"5c2154a\" data-element_type=\"section\" data-e-type=\"section\">\n\t\t\t\t\t\t<div class=\"elementor-container elementor-column-gap-default\">\n\t\t\t\t\t<div class=\"elementor-column elementor-col-50 elementor-top-column elementor-element elementor-element-3237884\" data-id=\"3237884\" data-element_type=\"column\" data-e-type=\"column\" data-settings=\"{&quot;background_background&quot;:&quot;classic&quot;}\">\n\t\t\t<div class=\"elementor-widget-wrap elementor-element-populated\">\n\t\t\t\t\t\t<div class=\"elementor-element elementor-element-a1c34ce elementor-widget elementor-widget-spacer\" data-id=\"a1c34ce\" data-element_type=\"widget\" data-e-type=\"widget\" data-widget_type=\"spacer.default\">\n\t\t\t\t<div class=\"elementor-widget-container\">\n\t\t\t\t\t\t\t<div class=\"elementor-spacer\">\n\t\t\t<div class=\"elementor-spacer-inner\"><\/div>\n\t\t<\/div>\n\t\t\t\t\t\t<\/div>\n\t\t\t\t<\/div>\n\t\t\t\t\t<\/div>\n\t\t<\/div>\n\t\t\t\t<div class=\"elementor-column elementor-col-50 elementor-top-column elementor-element elementor-element-22e0d67\" data-id=\"22e0d67\" data-element_type=\"column\" data-e-type=\"column\">\n\t\t\t<div class=\"elementor-widget-wrap elementor-element-populated\">\n\t\t\t\t\t\t<div class=\"elementor-element elementor-element-3244d4e elementor-widget elementor-widget-heading\" data-id=\"3244d4e\" data-element_type=\"widget\" data-e-type=\"widget\" data-widget_type=\"heading.default\">\n\t\t\t\t<div class=\"elementor-widget-container\">\n\t\t\t\t\t<h2 class=\"elementor-heading-title elementor-size-default\">1 in 8 cancer patients has a genetic mutation passed from parent to child<\/h2>\t\t\t\t<\/div>\n\t\t\t\t<\/div>\n\t\t\t\t\t<\/div>\n\t\t<\/div>\n\t\t\t\t\t<\/div>\n\t\t<\/section>\n\t\t\t\t<section class=\"elementor-section elementor-top-section elementor-element elementor-element-789b009 elementor-section-boxed elementor-section-height-default elementor-section-height-default\" data-id=\"789b009\" data-element_type=\"section\" data-e-type=\"section\">\n\t\t\t\t\t\t<div class=\"elementor-container elementor-column-gap-default\">\n\t\t\t\t\t<div class=\"elementor-column elementor-col-50 elementor-top-column elementor-element elementor-element-232b949\" data-id=\"232b949\" data-element_type=\"column\" data-e-type=\"column\">\n\t\t\t<div class=\"elementor-widget-wrap elementor-element-populated\">\n\t\t\t\t\t\t<div class=\"elementor-element elementor-element-f0eb004 elementor-widget elementor-widget-heading\" data-id=\"f0eb004\" data-element_type=\"widget\" data-e-type=\"widget\" data-widget_type=\"heading.default\">\n\t\t\t\t<div class=\"elementor-widget-container\">\n\t\t\t\t\t<h2 class=\"elementor-heading-title elementor-size-default\">An additional option: Personalized medication management<\/h2>\t\t\t\t<\/div>\n\t\t\t\t<\/div>\n\t\t\t\t\t<\/div>\n\t\t<\/div>\n\t\t\t\t<div class=\"elementor-column elementor-col-50 elementor-top-column elementor-element elementor-element-f67582d\" data-id=\"f67582d\" data-element_type=\"column\" data-e-type=\"column\">\n\t\t\t<div class=\"elementor-widget-wrap elementor-element-populated\">\n\t\t\t\t\t\t<div class=\"elementor-element elementor-element-3a07a8d elementor-widget elementor-widget-text-editor\" data-id=\"3a07a8d\" data-element_type=\"widget\" data-e-type=\"widget\" data-widget_type=\"text-editor.default\">\n\t\t\t\t<div class=\"elementor-widget-container\">\n\t\t\t\t\t\t\t\t\tAlmost everyone has a genetic variation that makes them unable to process certain medications as intended. Pharmacogenetic testing can help your doctor identify the right medication and dosage for your particular body. \n\t\t\t\t\t\t\t\t<\/div>\n\t\t\t\t<\/div>\n\t\t\t\t<div class=\"elementor-element elementor-element-15d0dfe elementor-align-right elementor-widget elementor-widget-button\" data-id=\"15d0dfe\" data-element_type=\"widget\" data-e-type=\"widget\" data-widget_type=\"button.default\">\n\t\t\t\t<div class=\"elementor-widget-container\">\n\t\t\t\t\t\t\t\t\t<div class=\"elementor-button-wrapper\">\n\t\t\t\t\t<a class=\"elementor-button elementor-button-link elementor-size-sm\" href=\"#elementor-action%3Aaction%3Dpopup%3Aopen%26settings%3DeyJpZCI6Mjg4NCwidG9nZ2xlIjpmYWxzZX0%3D\">\n\t\t\t\t\t\t<span class=\"elementor-button-content-wrapper\">\n\t\t\t\t\t\t\t\t\t<span class=\"elementor-button-text\">More information<\/span>\n\t\t\t\t\t<\/span>\n\t\t\t\t\t<\/a>\n\t\t\t\t<\/div>\n\t\t\t\t\t\t\t\t<\/div>\n\t\t\t\t<\/div>\n\t\t\t\t\t<\/div>\n\t\t<\/div>\n\t\t\t\t\t<\/div>\n\t\t<\/section>\n\t\t\t\t<\/div>\n\t\t","protected":false},"excerpt":{"rendered":"<p>A powerful tool against cancer A cancer diagnosis is stressful and overwhelming. We are here to help. More information Genetic testing and cancer Half of all men and one-third of all women in the U.S. will develop cancer during their lifetime. In many cases, a person&#8217;s genetics have made him or her more susceptible to [&hellip;]<\/p>\n","protected":false},"author":1,"featured_media":0,"parent":0,"menu_order":0,"comment_status":"closed","ping_status":"closed","template":"","meta":{"inline_featured_image":false,"_joinchat":[],"footnotes":""},"class_list":["post-11152","page","type-page","status-publish","hentry"],"yoast_head":"<!-- This site is optimized with the Yoast SEO Premium plugin v26.8 (Yoast SEO v27.4) - https:\/\/yoast.com\/product\/yoast-seo-premium-wordpress\/ -->\n<title>Genetics oncology - Cl\u00ednica Express<\/title>\n<meta name=\"robots\" content=\"index, follow, max-snippet:-1, max-image-preview:large, max-video-preview:-1\" \/>\n<link rel=\"canonical\" href=\"https:\/\/clinica.express\/en\/genetics-oncology\/\" \/>\n<meta property=\"og:locale\" content=\"en_US\" \/>\n<meta property=\"og:type\" content=\"article\" \/>\n<meta property=\"og:title\" content=\"Genetics oncology\" \/>\n<meta property=\"og:description\" content=\"A powerful tool against cancer A cancer diagnosis is stressful and overwhelming. We are here to help. More information Genetic testing and cancer Half of all men and one-third of all women in the U.S. will develop cancer during their lifetime. In many cases, a person&#8217;s genetics have made him or her more susceptible to [&hellip;]\" \/>\n<meta property=\"og:url\" content=\"https:\/\/clinica.express\/en\/genetics-oncology\/\" \/>\n<meta property=\"og:site_name\" content=\"Cl\u00ednica Express\" \/>\n<meta property=\"article:publisher\" content=\"https:\/\/www.facebook.com\/clinica.express.panama\" \/>\n<meta property=\"article:modified_time\" content=\"2025-08-19T23:52:17+00:00\" \/>\n<meta property=\"og:image\" content=\"https:\/\/clinica.express\/wp-content\/uploads\/2025\/07\/Laboratorio-Express-Horizontal.png\" \/>\n\t<meta property=\"og:image:width\" content=\"1718\" \/>\n\t<meta property=\"og:image:height\" content=\"483\" \/>\n\t<meta property=\"og:image:type\" content=\"image\/png\" \/>\n<meta name=\"twitter:card\" content=\"summary_large_image\" \/>\n<meta name=\"twitter:label1\" content=\"Est. reading time\" \/>\n\t<meta name=\"twitter:data1\" content=\"1 minute\" \/>\n<script type=\"application\/ld+json\" class=\"yoast-schema-graph\">{\"@context\":\"https:\\\/\\\/schema.org\",\"@graph\":[{\"@type\":\"WebPage\",\"@id\":\"https:\\\/\\\/clinica.express\\\/en\\\/genetics-oncology\\\/\",\"url\":\"https:\\\/\\\/clinica.express\\\/en\\\/genetics-oncology\\\/\",\"name\":\"Genetics oncology - Cl\u00ednica Express\",\"isPartOf\":{\"@id\":\"https:\\\/\\\/clinica.express\\\/en\\\/#website\"},\"datePublished\":\"2022-10-27T21:00:16+00:00\",\"dateModified\":\"2025-08-19T23:52:17+00:00\",\"breadcrumb\":{\"@id\":\"https:\\\/\\\/clinica.express\\\/en\\\/genetics-oncology\\\/#breadcrumb\"},\"inLanguage\":\"en-US\",\"potentialAction\":[{\"@type\":\"ReadAction\",\"target\":[\"https:\\\/\\\/clinica.express\\\/en\\\/genetics-oncology\\\/\"]}]},{\"@type\":\"BreadcrumbList\",\"@id\":\"https:\\\/\\\/clinica.express\\\/en\\\/genetics-oncology\\\/#breadcrumb\",\"itemListElement\":[{\"@type\":\"ListItem\",\"position\":1,\"name\":\"Portada\",\"item\":\"https:\\\/\\\/clinica.express\\\/en\\\/\"},{\"@type\":\"ListItem\",\"position\":2,\"name\":\"Genetics oncology\"}]},{\"@type\":\"WebSite\",\"@id\":\"https:\\\/\\\/clinica.express\\\/en\\\/#website\",\"url\":\"https:\\\/\\\/clinica.express\\\/en\\\/\",\"name\":\"Cl\u00ednica Express | Laboratorio en Panam\u00e1\",\"description\":\"Laboratorio Cl\u00ednico en Panam\u00e1\",\"publisher\":{\"@id\":\"https:\\\/\\\/clinica.express\\\/en\\\/#organization\"},\"alternateName\":\"Cl\u00ednica Express | Laboratorio en Panam\u00e1\",\"potentialAction\":[{\"@type\":\"SearchAction\",\"target\":{\"@type\":\"EntryPoint\",\"urlTemplate\":\"https:\\\/\\\/clinica.express\\\/en\\\/?s={search_term_string}\"},\"query-input\":{\"@type\":\"PropertyValueSpecification\",\"valueRequired\":true,\"valueName\":\"search_term_string\"}}],\"inLanguage\":\"en-US\"},{\"@type\":\"Organization\",\"@id\":\"https:\\\/\\\/clinica.express\\\/en\\\/#organization\",\"name\":\"Cl\u00ednica y laboratorio Express\",\"alternateName\":\"Cl\u00ednica Express | Laboratorio en Panam\u00e1\",\"url\":\"https:\\\/\\\/clinica.express\\\/en\\\/\",\"logo\":{\"@type\":\"ImageObject\",\"inLanguage\":\"en-US\",\"@id\":\"https:\\\/\\\/clinica.express\\\/en\\\/#\\\/schema\\\/logo\\\/image\\\/\",\"url\":\"https:\\\/\\\/clinica.express\\\/wp-content\\\/uploads\\\/2023\\\/12\\\/logo-clinica.png\",\"contentUrl\":\"https:\\\/\\\/clinica.express\\\/wp-content\\\/uploads\\\/2023\\\/12\\\/logo-clinica.png\",\"width\":800,\"height\":800,\"caption\":\"Cl\u00ednica y laboratorio Express\"},\"image\":{\"@id\":\"https:\\\/\\\/clinica.express\\\/en\\\/#\\\/schema\\\/logo\\\/image\\\/\"},\"sameAs\":[\"https:\\\/\\\/www.facebook.com\\\/clinica.express.panama\",\"https:\\\/\\\/www.instagram.com\\\/clinica.express.panama\\\/\",\"https:\\\/\\\/www.linkedin.com\\\/company\\\/clinica-express\\\/\",\"https:\\\/\\\/www.youtube.com\\\/channel\\\/UCPlna4mGTG35Akht31nzyoQ\\\/videos\"]}]}<\/script>\n<!-- \/ Yoast SEO Premium plugin. -->","yoast_head_json":{"title":"Genetics oncology - Cl\u00ednica Express","robots":{"index":"index","follow":"follow","max-snippet":"max-snippet:-1","max-image-preview":"max-image-preview:large","max-video-preview":"max-video-preview:-1"},"canonical":"https:\/\/clinica.express\/en\/genetics-oncology\/","og_locale":"en_US","og_type":"article","og_title":"Genetics oncology","og_description":"A powerful tool against cancer A cancer diagnosis is stressful and overwhelming. We are here to help. More information Genetic testing and cancer Half of all men and one-third of all women in the U.S. will develop cancer during their lifetime. In many cases, a person&#8217;s genetics have made him or her more susceptible to [&hellip;]","og_url":"https:\/\/clinica.express\/en\/genetics-oncology\/","og_site_name":"Cl\u00ednica Express","article_publisher":"https:\/\/www.facebook.com\/clinica.express.panama","article_modified_time":"2025-08-19T23:52:17+00:00","og_image":[{"width":1718,"height":483,"url":"https:\/\/clinica.express\/wp-content\/uploads\/2025\/07\/Laboratorio-Express-Horizontal.png","type":"image\/png"}],"twitter_card":"summary_large_image","twitter_misc":{"Est. reading time":"1 minute"},"schema":{"@context":"https:\/\/schema.org","@graph":[{"@type":"WebPage","@id":"https:\/\/clinica.express\/en\/genetics-oncology\/","url":"https:\/\/clinica.express\/en\/genetics-oncology\/","name":"Genetics oncology - Cl\u00ednica Express","isPartOf":{"@id":"https:\/\/clinica.express\/en\/#website"},"datePublished":"2022-10-27T21:00:16+00:00","dateModified":"2025-08-19T23:52:17+00:00","breadcrumb":{"@id":"https:\/\/clinica.express\/en\/genetics-oncology\/#breadcrumb"},"inLanguage":"en-US","potentialAction":[{"@type":"ReadAction","target":["https:\/\/clinica.express\/en\/genetics-oncology\/"]}]},{"@type":"BreadcrumbList","@id":"https:\/\/clinica.express\/en\/genetics-oncology\/#breadcrumb","itemListElement":[{"@type":"ListItem","position":1,"name":"Portada","item":"https:\/\/clinica.express\/en\/"},{"@type":"ListItem","position":2,"name":"Genetics oncology"}]},{"@type":"WebSite","@id":"https:\/\/clinica.express\/en\/#website","url":"https:\/\/clinica.express\/en\/","name":"Cl\u00ednica Express | Laboratorio en Panam\u00e1","description":"Laboratorio Cl\u00ednico en Panam\u00e1","publisher":{"@id":"https:\/\/clinica.express\/en\/#organization"},"alternateName":"Cl\u00ednica Express | Laboratorio en Panam\u00e1","potentialAction":[{"@type":"SearchAction","target":{"@type":"EntryPoint","urlTemplate":"https:\/\/clinica.express\/en\/?s={search_term_string}"},"query-input":{"@type":"PropertyValueSpecification","valueRequired":true,"valueName":"search_term_string"}}],"inLanguage":"en-US"},{"@type":"Organization","@id":"https:\/\/clinica.express\/en\/#organization","name":"Cl\u00ednica y laboratorio Express","alternateName":"Cl\u00ednica Express | Laboratorio en Panam\u00e1","url":"https:\/\/clinica.express\/en\/","logo":{"@type":"ImageObject","inLanguage":"en-US","@id":"https:\/\/clinica.express\/en\/#\/schema\/logo\/image\/","url":"https:\/\/clinica.express\/wp-content\/uploads\/2023\/12\/logo-clinica.png","contentUrl":"https:\/\/clinica.express\/wp-content\/uploads\/2023\/12\/logo-clinica.png","width":800,"height":800,"caption":"Cl\u00ednica y laboratorio Express"},"image":{"@id":"https:\/\/clinica.express\/en\/#\/schema\/logo\/image\/"},"sameAs":["https:\/\/www.facebook.com\/clinica.express.panama","https:\/\/www.instagram.com\/clinica.express.panama\/","https:\/\/www.linkedin.com\/company\/clinica-express\/","https:\/\/www.youtube.com\/channel\/UCPlna4mGTG35Akht31nzyoQ\/videos"]}]}},"_links":{"self":[{"href":"https:\/\/clinica.express\/en\/wp-json\/wp\/v2\/pages\/11152","targetHints":{"allow":["GET"]}}],"collection":[{"href":"https:\/\/clinica.express\/en\/wp-json\/wp\/v2\/pages"}],"about":[{"href":"https:\/\/clinica.express\/en\/wp-json\/wp\/v2\/types\/page"}],"author":[{"embeddable":true,"href":"https:\/\/clinica.express\/en\/wp-json\/wp\/v2\/users\/1"}],"replies":[{"embeddable":true,"href":"https:\/\/clinica.express\/en\/wp-json\/wp\/v2\/comments?post=11152"}],"version-history":[{"count":0,"href":"https:\/\/clinica.express\/en\/wp-json\/wp\/v2\/pages\/11152\/revisions"}],"wp:attachment":[{"href":"https:\/\/clinica.express\/en\/wp-json\/wp\/v2\/media?parent=11152"}],"curies":[{"name":"wp","href":"https:\/\/api.w.org\/{rel}","templated":true}]}}